{"id":3064,"date":"2021-08-04T12:28:36","date_gmt":"2021-08-04T12:28:36","guid":{"rendered":"http:\/\/uvtech.wamstore.com\/?page_id=3064"},"modified":"2025-10-04T09:54:11","modified_gmt":"2025-10-04T02:54:11","slug":"san-pham","status":"publish","type":"page","link":"http:\/\/uvtech.vn\/zh\/san-pham\/","title":{"rendered":"S\u1ea3n ph\u1ea9m"},"content":{"rendered":"<div data-elementor-type=\"wp-page\" data-elementor-id=\"3064\" class=\"elementor elementor-3064\">\n\t\t\t\t\t\t<section class=\"elementor-section elementor-top-section elementor-element elementor-element-295645e elementor-section-boxed elementor-section-height-default elementor-section-height-default sc_fly_static\" data-id=\"295645e\" data-element_type=\"section\">\n\t\t\t\t\t\t<div class=\"elementor-container elementor-column-gap-extended\">\n\t\t\t\t\t<div class=\"elementor-column elementor-col-100 elementor-top-column elementor-element elementor-element-09fd53c sc_inner_width_none sc_content_align_inherit sc_layouts_column_icons_position_left sc_fly_static\" data-id=\"09fd53c\" data-element_type=\"column\" data-settings=\"{&quot;background_background&quot;:&quot;slideshow&quot;,&quot;background_slideshow_gallery&quot;:[],&quot;background_slideshow_loop&quot;:&quot;yes&quot;,&quot;background_slideshow_slide_duration&quot;:5000,&quot;background_slideshow_slide_transition&quot;:&quot;fade&quot;,&quot;background_slideshow_transition_duration&quot;:500}\">\n\t\t\t<div class=\"elementor-widget-wrap elementor-element-populated\">\n\t\t\t\t\t\t<div class=\"elementor-element elementor-element-34365c9 sc_height_medium sc_fly_static elementor-widget elementor-widget-spacer\" data-id=\"34365c9\" data-element_type=\"widget\" data-widget_type=\"spacer.default\">\n\t\t\t\t<div class=\"elementor-widget-container\">\n\t\t\t\t\t\t\t<div class=\"elementor-spacer\">\n\t\t\t<div class=\"elementor-spacer-inner\"><\/div>\n\t\t<\/div>\n\t\t\t\t\t\t<\/div>\n\t\t\t\t<\/div>\n\t\t\t\t<div class=\"elementor-element elementor-element-bc40007 sc_height_medium sc_fly_static elementor-widget elementor-widget-spacer\" data-id=\"bc40007\" data-element_type=\"widget\" data-widget_type=\"spacer.default\">\n\t\t\t\t<div class=\"elementor-widget-container\">\n\t\t\t\t\t\t\t<div class=\"elementor-spacer\">\n\t\t\t<div class=\"elementor-spacer-inner\"><\/div>\n\t\t<\/div>\n\t\t\t\t\t\t<\/div>\n\t\t\t\t<\/div>\n\t\t\t\t<div class=\"elementor-element elementor-element-ceaed57 elementor-grid-6 elementor-posts--align-center elementor-grid-tablet-2 elementor-grid-mobile-1 elementor-posts--thumbnail-top elementor-card-shadow-yes elementor-posts__hover-gradient sc_fly_static elementor-widget elementor-widget-posts\" data-id=\"ceaed57\" data-element_type=\"widget\" data-settings=\"{&quot;cards_columns&quot;:&quot;6&quot;,&quot;cards_row_gap&quot;:{&quot;unit&quot;:&quot;px&quot;,&quot;size&quot;:10,&quot;sizes&quot;:[]},&quot;cards_columns_tablet&quot;:&quot;2&quot;,&quot;cards_columns_mobile&quot;:&quot;1&quot;,&quot;cards_row_gap_tablet&quot;:{&quot;unit&quot;:&quot;px&quot;,&quot;size&quot;:&quot;&quot;,&quot;sizes&quot;:[]},&quot;cards_row_gap_mobile&quot;:{&quot;unit&quot;:&quot;px&quot;,&quot;size&quot;:&quot;&quot;,&quot;sizes&quot;:[]}}\" data-widget_type=\"posts.cards\">\n\t\t\t\t<div class=\"elementor-widget-container\">\n\t\t\t\t\t\t\t<div class=\"elementor-posts-container elementor-posts elementor-posts--skin-cards elementor-grid\">\n\t\t\t\t<article class=\"elementor-post elementor-grid-item post-22228 page type-page status-publish has-post-thumbnail hentry\">\n\t\t\t<div class=\"elementor-post__card\">\n\t\t\t\t<a class=\"elementor-post__thumbnail__link\" href=\"http:\/\/uvtech.vn\/zh\/san-pham\/den-cuc-tim-den-say-uv\/\" ><div class=\"elementor-post__thumbnail\"><img fetchpriority=\"high\" decoding=\"async\" width=\"300\" height=\"200\" src=\"https:\/\/uvtech.vn\/wp-content\/uploads\/2020\/04\/IMG_3776-300x200.jpg\" class=\"attachment-medium size-medium wp-image-22226\" alt=\"\" srcset=\"https:\/\/uvtech.vn\/wp-content\/uploads\/2020\/04\/IMG_3776-300x200.jpg 300w, https:\/\/uvtech.vn\/wp-content\/uploads\/2020\/04\/IMG_3776-1024x683.jpg 1024w, https:\/\/uvtech.vn\/wp-content\/uploads\/2020\/04\/IMG_3776-768x512.jpg 768w, https:\/\/uvtech.vn\/wp-content\/uploads\/2020\/04\/IMG_3776-1536x1024.jpg 1536w, https:\/\/uvtech.vn\/wp-content\/uploads\/2020\/04\/IMG_3776-2048x1365.jpg 2048w, https:\/\/uvtech.vn\/wp-content\/uploads\/2020\/04\/IMG_3776-18x12.jpg 18w, https:\/\/uvtech.vn\/wp-content\/uploads\/2020\/04\/IMG_3776-370x247.jpg 370w, https:\/\/uvtech.vn\/wp-content\/uploads\/2020\/04\/IMG_3776-840x560.jpg 840w, https:\/\/uvtech.vn\/wp-content\/uploads\/2020\/04\/IMG_3776-410x273.jpg 410w\" sizes=\"(max-width: 300px) 100vw, 300px\" \/><\/div><\/a>\n\t\t\t\t<div class=\"elementor-post__text\">\n\t\t\t\t<h3 class=\"elementor-post__title\">\n\t\t\t<a href=\"http:\/\/uvtech.vn\/zh\/san-pham\/den-cuc-tim-den-say-uv\/\" >\n\t\t\t\t\u0110\u00c8N C\u1ef0C T\u00cdM \/ \u0110\u00c8N S\u00c2\u0301Y UV\t\t\t<\/a>\n\t\t<\/h3>\n\t\t\t\t<\/div>\n\t\t\t\t\t<\/div>\n\t\t<\/article>\n\t\t\t\t<article class=\"elementor-post elementor-grid-item post-22243 page type-page status-publish has-post-thumbnail hentry\">\n\t\t\t<div class=\"elementor-post__card\">\n\t\t\t\t<a class=\"elementor-post__thumbnail__link\" href=\"http:\/\/uvtech.vn\/zh\/san-pham\/den-chup-ban-polymer\/\" ><div class=\"elementor-post__thumbnail\"><img decoding=\"async\" width=\"300\" height=\"200\" src=\"https:\/\/uvtech.vn\/wp-content\/uploads\/2022\/04\/denchupban-300x200.jpg\" class=\"attachment-medium size-medium wp-image-22458\" alt=\"den chup ban polymer\" srcset=\"https:\/\/uvtech.vn\/wp-content\/uploads\/2022\/04\/denchupban-300x200.jpg 300w, https:\/\/uvtech.vn\/wp-content\/uploads\/2022\/04\/denchupban-1024x683.jpg 1024w, https:\/\/uvtech.vn\/wp-content\/uploads\/2022\/04\/denchupban-768x512.jpg 768w, https:\/\/uvtech.vn\/wp-content\/uploads\/2022\/04\/denchupban-1536x1024.jpg 1536w, https:\/\/uvtech.vn\/wp-content\/uploads\/2022\/04\/denchupban-2048x1365.jpg 2048w, https:\/\/uvtech.vn\/wp-content\/uploads\/2022\/04\/denchupban-18x12.jpg 18w, https:\/\/uvtech.vn\/wp-content\/uploads\/2022\/04\/denchupban-370x247.jpg 370w, https:\/\/uvtech.vn\/wp-content\/uploads\/2022\/04\/denchupban-840x560.jpg 840w, https:\/\/uvtech.vn\/wp-content\/uploads\/2022\/04\/denchupban-410x273.jpg 410w\" sizes=\"(max-width: 300px) 100vw, 300px\" \/><\/div><\/a>\n\t\t\t\t<div class=\"elementor-post__text\">\n\t\t\t\t<h3 class=\"elementor-post__title\">\n\t\t\t<a href=\"http:\/\/uvtech.vn\/zh\/san-pham\/den-chup-ban-polymer\/\" >\n\t\t\t\t\u0110\u00c8N CH\u1ee4P B\u1ea2N POLYMER\t\t\t<\/a>\n\t\t<\/h3>\n\t\t\t\t<\/div>\n\t\t\t\t\t<\/div>\n\t\t<\/article>\n\t\t\t\t<article class=\"elementor-post elementor-grid-item post-22248 page type-page status-publish has-post-thumbnail hentry\">\n\t\t\t<div class=\"elementor-post__card\">\n\t\t\t\t<a class=\"elementor-post__thumbnail__link\" href=\"http:\/\/uvtech.vn\/zh\/san-pham\/den-hong-ngoai-den-ir\/\" ><div class=\"elementor-post__thumbnail\"><img decoding=\"async\" width=\"300\" height=\"251\" src=\"https:\/\/uvtech.vn\/wp-content\/uploads\/2025\/10\/Den-ir-hn-e1760344153941-300x251.png\" class=\"attachment-medium size-medium wp-image-22952\" alt=\"\" srcset=\"https:\/\/uvtech.vn\/wp-content\/uploads\/2025\/10\/Den-ir-hn-e1760344153941-300x251.png 300w, https:\/\/uvtech.vn\/wp-content\/uploads\/2025\/10\/Den-ir-hn-e1760344153941-1024x858.png 1024w, https:\/\/uvtech.vn\/wp-content\/uploads\/2025\/10\/Den-ir-hn-e1760344153941-768x643.png 768w, https:\/\/uvtech.vn\/wp-content\/uploads\/2025\/10\/Den-ir-hn-e1760344153941-1536x1287.png 1536w, https:\/\/uvtech.vn\/wp-content\/uploads\/2025\/10\/Den-ir-hn-e1760344153941-14x12.png 14w, https:\/\/uvtech.vn\/wp-content\/uploads\/2025\/10\/Den-ir-hn-e1760344153941-370x310.png 370w, https:\/\/uvtech.vn\/wp-content\/uploads\/2025\/10\/Den-ir-hn-e1760344153941-840x704.png 840w, https:\/\/uvtech.vn\/wp-content\/uploads\/2025\/10\/Den-ir-hn-e1760344153941-410x343.png 410w, https:\/\/uvtech.vn\/wp-content\/uploads\/2025\/10\/Den-ir-hn-e1760344153941.png 1540w\" sizes=\"(max-width: 300px) 100vw, 300px\" \/><\/div><\/a>\n\t\t\t\t<div class=\"elementor-post__text\">\n\t\t\t\t<h3 class=\"elementor-post__title\">\n\t\t\t<a href=\"http:\/\/uvtech.vn\/zh\/san-pham\/den-hong-ngoai-den-ir\/\" >\n\t\t\t\t\u0110\u00c8N H\u1ed2NG NGO\u1ea0I (\u0110\u00c8N IR)\t\t\t<\/a>\n\t\t<\/h3>\n\t\t\t\t<\/div>\n\t\t\t\t\t<\/div>\n\t\t<\/article>\n\t\t\t\t<article class=\"elementor-post elementor-grid-item post-22257 page type-page status-publish has-post-thumbnail hentry\">\n\t\t\t<div class=\"elementor-post__card\">\n\t\t\t\t<a class=\"elementor-post__thumbnail__link\" href=\"http:\/\/uvtech.vn\/zh\/san-pham\/tang-pho-dien-tu-cho-den-uv-arc-uv-led\/\" ><div class=\"elementor-post__thumbnail\"><img loading=\"lazy\" decoding=\"async\" width=\"300\" height=\"263\" src=\"https:\/\/uvtech.vn\/wp-content\/uploads\/2022\/04\/tangphodientu-300x263.jpg\" class=\"attachment-medium size-medium wp-image-22461\" alt=\"\u1ea2nh s\u1ea3n ph\u1ea9m t\u0103ng ph\u00f4 uv \u0111i\u1ec7n t\u1eed\" srcset=\"https:\/\/uvtech.vn\/wp-content\/uploads\/2022\/04\/tangphodientu-300x263.jpg 300w, https:\/\/uvtech.vn\/wp-content\/uploads\/2022\/04\/tangphodientu-1024x896.jpg 1024w, https:\/\/uvtech.vn\/wp-content\/uploads\/2022\/04\/tangphodientu-768x672.jpg 768w, https:\/\/uvtech.vn\/wp-content\/uploads\/2022\/04\/tangphodientu-1536x1344.jpg 1536w, https:\/\/uvtech.vn\/wp-content\/uploads\/2022\/04\/tangphodientu-2048x1792.jpg 2048w, https:\/\/uvtech.vn\/wp-content\/uploads\/2022\/04\/tangphodientu-14x12.jpg 14w, https:\/\/uvtech.vn\/wp-content\/uploads\/2022\/04\/tangphodientu-370x324.jpg 370w, https:\/\/uvtech.vn\/wp-content\/uploads\/2022\/04\/tangphodientu-840x735.jpg 840w, https:\/\/uvtech.vn\/wp-content\/uploads\/2022\/04\/tangphodientu-410x359.jpg 410w, https:\/\/uvtech.vn\/wp-content\/uploads\/2022\/04\/tangphodientu-650x572.jpg 650w\" sizes=\"(max-width: 300px) 100vw, 300px\" \/><\/div><\/a>\n\t\t\t\t<div class=\"elementor-post__text\">\n\t\t\t\t<h3 class=\"elementor-post__title\">\n\t\t\t<a href=\"http:\/\/uvtech.vn\/zh\/san-pham\/tang-pho-dien-tu-cho-den-uv-arc-uv-led\/\" >\n\t\t\t\tT\u0102NG PH\u00d4 \u0110I\u1ec6N T\u1eec CHO \u0110\u00c8N UV ARC, UV LED\t\t\t<\/a>\n\t\t<\/h3>\n\t\t\t\t<\/div>\n\t\t\t\t\t<\/div>\n\t\t<\/article>\n\t\t\t\t<article class=\"elementor-post elementor-grid-item post-22258 page type-page status-publish has-post-thumbnail hentry\">\n\t\t\t<div class=\"elementor-post__card\">\n\t\t\t\t<a class=\"elementor-post__thumbnail__link\" href=\"http:\/\/uvtech.vn\/zh\/san-pham\/muc-uv-in-lua\/\" ><div class=\"elementor-post__thumbnail\"><img loading=\"lazy\" decoding=\"async\" width=\"300\" height=\"195\" src=\"https:\/\/uvtech.vn\/wp-content\/uploads\/2022\/04\/mucinlua-300x195.jpg\" class=\"attachment-medium size-medium wp-image-22457\" alt=\"\" srcset=\"https:\/\/uvtech.vn\/wp-content\/uploads\/2022\/04\/mucinlua-300x195.jpg 300w, https:\/\/uvtech.vn\/wp-content\/uploads\/2022\/04\/mucinlua-1024x667.jpg 1024w, https:\/\/uvtech.vn\/wp-content\/uploads\/2022\/04\/mucinlua-768x500.jpg 768w, https:\/\/uvtech.vn\/wp-content\/uploads\/2022\/04\/mucinlua-1536x1001.jpg 1536w, https:\/\/uvtech.vn\/wp-content\/uploads\/2022\/04\/mucinlua-2048x1334.jpg 2048w, https:\/\/uvtech.vn\/wp-content\/uploads\/2022\/04\/mucinlua-18x12.jpg 18w, https:\/\/uvtech.vn\/wp-content\/uploads\/2022\/04\/mucinlua-370x241.jpg 370w, https:\/\/uvtech.vn\/wp-content\/uploads\/2022\/04\/mucinlua-840x547.jpg 840w, https:\/\/uvtech.vn\/wp-content\/uploads\/2022\/04\/mucinlua-410x267.jpg 410w\" sizes=\"(max-width: 300px) 100vw, 300px\" \/><\/div><\/a>\n\t\t\t\t<div class=\"elementor-post__text\">\n\t\t\t\t<h3 class=\"elementor-post__title\">\n\t\t\t<a href=\"http:\/\/uvtech.vn\/zh\/san-pham\/muc-uv-in-lua\/\" >\n\t\t\t\tM\u1ef0C IN UV (UV IN L\u1ee4A &#8211; UV OFFSET)\t\t\t<\/a>\n\t\t<\/h3>\n\t\t\t\t<\/div>\n\t\t\t\t\t<\/div>\n\t\t<\/article>\n\t\t\t\t<article class=\"elementor-post elementor-grid-item post-22272 page type-page status-publish has-post-thumbnail hentry\">\n\t\t\t<div class=\"elementor-post__card\">\n\t\t\t\t<a class=\"elementor-post__thumbnail__link\" href=\"http:\/\/uvtech.vn\/zh\/san-pham\/keo-chup-ban-va-dung-moi-cps\/\" ><div class=\"elementor-post__thumbnail\"><img loading=\"lazy\" decoding=\"async\" width=\"300\" height=\"220\" src=\"https:\/\/uvtech.vn\/wp-content\/uploads\/2022\/04\/Kep-chup-ban-Dung-moi-3-300x220.jpg\" class=\"attachment-medium size-medium wp-image-22463\" alt=\"\" srcset=\"https:\/\/uvtech.vn\/wp-content\/uploads\/2022\/04\/Kep-chup-ban-Dung-moi-3-300x220.jpg 300w, https:\/\/uvtech.vn\/wp-content\/uploads\/2022\/04\/Kep-chup-ban-Dung-moi-3-1024x750.jpg 1024w, https:\/\/uvtech.vn\/wp-content\/uploads\/2022\/04\/Kep-chup-ban-Dung-moi-3-768x562.jpg 768w, https:\/\/uvtech.vn\/wp-content\/uploads\/2022\/04\/Kep-chup-ban-Dung-moi-3-1536x1125.jpg 1536w, https:\/\/uvtech.vn\/wp-content\/uploads\/2022\/04\/Kep-chup-ban-Dung-moi-3-2048x1500.jpg 2048w, https:\/\/uvtech.vn\/wp-content\/uploads\/2022\/04\/Kep-chup-ban-Dung-moi-3-16x12.jpg 16w, https:\/\/uvtech.vn\/wp-content\/uploads\/2022\/04\/Kep-chup-ban-Dung-moi-3-370x271.jpg 370w, https:\/\/uvtech.vn\/wp-content\/uploads\/2022\/04\/Kep-chup-ban-Dung-moi-3-840x615.jpg 840w, https:\/\/uvtech.vn\/wp-content\/uploads\/2022\/04\/Kep-chup-ban-Dung-moi-3-410x300.jpg 410w\" sizes=\"(max-width: 300px) 100vw, 300px\" \/><\/div><\/a>\n\t\t\t\t<div class=\"elementor-post__text\">\n\t\t\t\t<h3 class=\"elementor-post__title\">\n\t\t\t<a href=\"http:\/\/uvtech.vn\/zh\/san-pham\/keo-chup-ban-va-dung-moi-cps\/\" >\n\t\t\t\tKEO CH\u1ee4P B\u1ea2N VA\u0300 DUNG M\u00d4I CPS\t\t\t<\/a>\n\t\t<\/h3>\n\t\t\t\t<\/div>\n\t\t\t\t\t<\/div>\n\t\t<\/article>\n\t\t\t\t<article class=\"elementor-post elementor-grid-item post-22277 page type-page status-publish has-post-thumbnail hentry\">\n\t\t\t<div class=\"elementor-post__card\">\n\t\t\t\t<a class=\"elementor-post__thumbnail__link\" href=\"http:\/\/uvtech.vn\/zh\/san-pham\/choa-den-uv\/\" ><div class=\"elementor-post__thumbnail\"><img loading=\"lazy\" decoding=\"async\" width=\"300\" height=\"200\" src=\"https:\/\/uvtech.vn\/wp-content\/uploads\/2022\/04\/IMG_3941-1-300x200.jpg\" class=\"attachment-medium size-medium wp-image-22510\" alt=\"\" srcset=\"https:\/\/uvtech.vn\/wp-content\/uploads\/2022\/04\/IMG_3941-1-300x200.jpg 300w, https:\/\/uvtech.vn\/wp-content\/uploads\/2022\/04\/IMG_3941-1-1024x683.jpg 1024w, https:\/\/uvtech.vn\/wp-content\/uploads\/2022\/04\/IMG_3941-1-768x512.jpg 768w, https:\/\/uvtech.vn\/wp-content\/uploads\/2022\/04\/IMG_3941-1-1536x1024.jpg 1536w, https:\/\/uvtech.vn\/wp-content\/uploads\/2022\/04\/IMG_3941-1-2048x1366.jpg 2048w, https:\/\/uvtech.vn\/wp-content\/uploads\/2022\/04\/IMG_3941-1-18x12.jpg 18w, https:\/\/uvtech.vn\/wp-content\/uploads\/2022\/04\/IMG_3941-1-370x247.jpg 370w, https:\/\/uvtech.vn\/wp-content\/uploads\/2022\/04\/IMG_3941-1-840x560.jpg 840w, https:\/\/uvtech.vn\/wp-content\/uploads\/2022\/04\/IMG_3941-1-410x273.jpg 410w\" sizes=\"(max-width: 300px) 100vw, 300px\" \/><\/div><\/a>\n\t\t\t\t<div class=\"elementor-post__text\">\n\t\t\t\t<h3 class=\"elementor-post__title\">\n\t\t\t<a href=\"http:\/\/uvtech.vn\/zh\/san-pham\/choa-den-uv\/\" >\n\t\t\t\tCH\u00d3A \u0110\u00c8N UV\t\t\t<\/a>\n\t\t<\/h3>\n\t\t\t\t<\/div>\n\t\t\t\t\t<\/div>\n\t\t<\/article>\n\t\t\t\t<article class=\"elementor-post elementor-grid-item post-22902 page type-page status-publish has-post-thumbnail hentry\">\n\t\t\t<div class=\"elementor-post__card\">\n\t\t\t\t<a class=\"elementor-post__thumbnail__link\" href=\"http:\/\/uvtech.vn\/zh\/san-pham\/chip-uv-led\/\" ><div class=\"elementor-post__thumbnail\"><img loading=\"lazy\" decoding=\"async\" width=\"293\" height=\"300\" src=\"https:\/\/uvtech.vn\/wp-content\/uploads\/2022\/04\/IMG_1001-2-scaled-e1759483070836-293x300.png\" class=\"attachment-medium size-medium wp-image-22794\" alt=\"\" srcset=\"https:\/\/uvtech.vn\/wp-content\/uploads\/2022\/04\/IMG_1001-2-scaled-e1759483070836-293x300.png 293w, https:\/\/uvtech.vn\/wp-content\/uploads\/2022\/04\/IMG_1001-2-scaled-e1759483070836-1000x1024.png 1000w, https:\/\/uvtech.vn\/wp-content\/uploads\/2022\/04\/IMG_1001-2-scaled-e1759483070836-768x787.png 768w, https:\/\/uvtech.vn\/wp-content\/uploads\/2022\/04\/IMG_1001-2-scaled-e1759483070836-1499x1536.png 1499w, https:\/\/uvtech.vn\/wp-content\/uploads\/2022\/04\/IMG_1001-2-scaled-e1759483070836-12x12.png 12w, https:\/\/uvtech.vn\/wp-content\/uploads\/2022\/04\/IMG_1001-2-scaled-e1759483070836-370x379.png 370w, https:\/\/uvtech.vn\/wp-content\/uploads\/2022\/04\/IMG_1001-2-scaled-e1759483070836-840x861.png 840w, https:\/\/uvtech.vn\/wp-content\/uploads\/2022\/04\/IMG_1001-2-scaled-e1759483070836-410x420.png 410w, https:\/\/uvtech.vn\/wp-content\/uploads\/2022\/04\/IMG_1001-2-scaled-e1759483070836.png 1920w\" sizes=\"(max-width: 293px) 100vw, 293px\" \/><\/div><\/a>\n\t\t\t\t<div class=\"elementor-post__text\">\n\t\t\t\t<h3 class=\"elementor-post__title\">\n\t\t\t<a href=\"http:\/\/uvtech.vn\/zh\/san-pham\/chip-uv-led\/\" >\n\t\t\t\tCHIP UV LED\t\t\t<\/a>\n\t\t<\/h3>\n\t\t\t\t<\/div>\n\t\t\t\t\t<\/div>\n\t\t<\/article>\n\t\t\t\t<article class=\"elementor-post elementor-grid-item post-22282 page type-page status-publish has-post-thumbnail hentry\">\n\t\t\t<div class=\"elementor-post__card\">\n\t\t\t\t<a class=\"elementor-post__thumbnail__link\" href=\"http:\/\/uvtech.vn\/zh\/san-pham\/may-say-uv-va-may-in-lua\/\" ><div class=\"elementor-post__thumbnail\"><img loading=\"lazy\" decoding=\"async\" width=\"300\" height=\"294\" src=\"https:\/\/uvtech.vn\/wp-content\/uploads\/2025\/08\/bang-tai-2-300x294.jpg\" class=\"attachment-medium size-medium wp-image-22746\" alt=\"\" srcset=\"https:\/\/uvtech.vn\/wp-content\/uploads\/2025\/08\/bang-tai-2-300x294.jpg 300w, https:\/\/uvtech.vn\/wp-content\/uploads\/2025\/08\/bang-tai-2-1024x1004.jpg 1024w, https:\/\/uvtech.vn\/wp-content\/uploads\/2025\/08\/bang-tai-2-768x753.jpg 768w, https:\/\/uvtech.vn\/wp-content\/uploads\/2025\/08\/bang-tai-2-1536x1506.jpg 1536w, https:\/\/uvtech.vn\/wp-content\/uploads\/2025\/08\/bang-tai-2-2048x2009.jpg 2048w, https:\/\/uvtech.vn\/wp-content\/uploads\/2025\/08\/bang-tai-2-12x12.jpg 12w, https:\/\/uvtech.vn\/wp-content\/uploads\/2025\/08\/bang-tai-2-370x363.jpg 370w, https:\/\/uvtech.vn\/wp-content\/uploads\/2025\/08\/bang-tai-2-840x824.jpg 840w, https:\/\/uvtech.vn\/wp-content\/uploads\/2025\/08\/bang-tai-2-410x402.jpg 410w\" sizes=\"(max-width: 300px) 100vw, 300px\" \/><\/div><\/a>\n\t\t\t\t<div class=\"elementor-post__text\">\n\t\t\t\t<h3 class=\"elementor-post__title\">\n\t\t\t<a href=\"http:\/\/uvtech.vn\/zh\/san-pham\/may-say-uv-va-may-in-lua\/\" >\n\t\t\t\tMA\u0301Y S\u1ea4Y UV VA\u0300 MA\u0301Y IN LU\u0323A\t\t\t<\/a>\n\t\t<\/h3>\n\t\t\t\t<\/div>\n\t\t\t\t\t<\/div>\n\t\t<\/article>\n\t\t\t\t<article class=\"elementor-post elementor-grid-item post-22838 page type-page status-publish has-post-thumbnail hentry\">\n\t\t\t<div class=\"elementor-post__card\">\n\t\t\t\t<a class=\"elementor-post__thumbnail__link\" href=\"http:\/\/uvtech.vn\/zh\/san-pham\/thiet-bi-giam-sat-nang-luong-uv\/\" ><div class=\"elementor-post__thumbnail\"><img loading=\"lazy\" decoding=\"async\" width=\"237\" height=\"300\" src=\"https:\/\/uvtech.vn\/wp-content\/uploads\/2025\/09\/IMG_0758-e1758180907227-237x300.jpg\" class=\"attachment-medium size-medium wp-image-22813\" alt=\"\" srcset=\"https:\/\/uvtech.vn\/wp-content\/uploads\/2025\/09\/IMG_0758-e1758180907227-237x300.jpg 237w, https:\/\/uvtech.vn\/wp-content\/uploads\/2025\/09\/IMG_0758-e1758180907227-810x1024.jpg 810w, https:\/\/uvtech.vn\/wp-content\/uploads\/2025\/09\/IMG_0758-e1758180907227-768x971.jpg 768w, https:\/\/uvtech.vn\/wp-content\/uploads\/2025\/09\/IMG_0758-e1758180907227-1215x1536.jpg 1215w, https:\/\/uvtech.vn\/wp-content\/uploads\/2025\/09\/IMG_0758-e1758180907227-9x12.jpg 9w, https:\/\/uvtech.vn\/wp-content\/uploads\/2025\/09\/IMG_0758-e1758180907227-370x468.jpg 370w, https:\/\/uvtech.vn\/wp-content\/uploads\/2025\/09\/IMG_0758-e1758180907227-840x1062.jpg 840w, https:\/\/uvtech.vn\/wp-content\/uploads\/2025\/09\/IMG_0758-e1758180907227-410x518.jpg 410w, https:\/\/uvtech.vn\/wp-content\/uploads\/2025\/09\/IMG_0758-e1758180907227.jpg 1512w\" sizes=\"(max-width: 237px) 100vw, 237px\" \/><\/div><\/a>\n\t\t\t\t<div class=\"elementor-post__text\">\n\t\t\t\t<h3 class=\"elementor-post__title\">\n\t\t\t<a href=\"http:\/\/uvtech.vn\/zh\/san-pham\/thiet-bi-giam-sat-nang-luong-uv\/\" >\n\t\t\t\tTHI\u1ebeT B\u1eca GI\u00c1M S\u00c1T N\u0102NG L\u01af\u1ee2NG UV\t\t\t<\/a>\n\t\t<\/h3>\n\t\t\t\t<\/div>\n\t\t\t\t\t<\/div>\n\t\t<\/article>\n\t\t\t\t<article class=\"elementor-post elementor-grid-item post-22850 page type-page status-publish has-post-thumbnail hentry\">\n\t\t\t<div class=\"elementor-post__card\">\n\t\t\t\t<a class=\"elementor-post__thumbnail__link\" href=\"http:\/\/uvtech.vn\/zh\/san-pham\/he-thong-smartuv-hybrid\/\" ><div class=\"elementor-post__thumbnail\"><img loading=\"lazy\" decoding=\"async\" width=\"300\" height=\"220\" src=\"https:\/\/uvtech.vn\/wp-content\/uploads\/2025\/09\/z6913238265027_46d4c8495a7fe5ac797cc6d62475e7ca-300x220.jpg\" class=\"attachment-medium size-medium wp-image-22851\" alt=\"\" srcset=\"https:\/\/uvtech.vn\/wp-content\/uploads\/2025\/09\/z6913238265027_46d4c8495a7fe5ac797cc6d62475e7ca-300x220.jpg 300w, https:\/\/uvtech.vn\/wp-content\/uploads\/2025\/09\/z6913238265027_46d4c8495a7fe5ac797cc6d62475e7ca-1024x752.jpg 1024w, https:\/\/uvtech.vn\/wp-content\/uploads\/2025\/09\/z6913238265027_46d4c8495a7fe5ac797cc6d62475e7ca-768x564.jpg 768w, https:\/\/uvtech.vn\/wp-content\/uploads\/2025\/09\/z6913238265027_46d4c8495a7fe5ac797cc6d62475e7ca-1536x1128.jpg 1536w, https:\/\/uvtech.vn\/wp-content\/uploads\/2025\/09\/z6913238265027_46d4c8495a7fe5ac797cc6d62475e7ca-16x12.jpg 16w, https:\/\/uvtech.vn\/wp-content\/uploads\/2025\/09\/z6913238265027_46d4c8495a7fe5ac797cc6d62475e7ca-370x272.jpg 370w, https:\/\/uvtech.vn\/wp-content\/uploads\/2025\/09\/z6913238265027_46d4c8495a7fe5ac797cc6d62475e7ca-840x617.jpg 840w, https:\/\/uvtech.vn\/wp-content\/uploads\/2025\/09\/z6913238265027_46d4c8495a7fe5ac797cc6d62475e7ca-410x301.jpg 410w, https:\/\/uvtech.vn\/wp-content\/uploads\/2025\/09\/z6913238265027_46d4c8495a7fe5ac797cc6d62475e7ca.jpg 1832w\" sizes=\"(max-width: 300px) 100vw, 300px\" \/><\/div><\/a>\n\t\t\t\t<div class=\"elementor-post__text\">\n\t\t\t\t<h3 class=\"elementor-post__title\">\n\t\t\t<a href=\"http:\/\/uvtech.vn\/zh\/san-pham\/he-thong-smartuv-hybrid\/\" >\n\t\t\t\tH\u1ec6 TH\u1ed0NG SMARTUV HYBRID (UV ARC &#8211; UV LED)\t\t\t<\/a>\n\t\t<\/h3>\n\t\t\t\t<\/div>\n\t\t\t\t\t<\/div>\n\t\t<\/article>\n\t\t\t\t<\/div>\n\n\n\t\t\n\t\t\t\t\t\t<\/div>\n\t\t\t\t<\/div>\n\t\t\t\t\t<\/div>\n\t\t<\/div>\n\t\t\t\t\t<\/div>\n\t\t<\/section>\n\t\t\t\t<\/div>","protected":false},"excerpt":{"rendered":"","protected":false},"author":1,"featured_media":0,"parent":0,"menu_order":0,"comment_status":"closed","ping_status":"closed","template":"","meta":{"inline_featured_image":false,"footnotes":""},"class_list":["post-3064","page","type-page","status-publish","hentry"],"_links":{"self":[{"href":"http:\/\/uvtech.vn\/zh\/wp-json\/wp\/v2\/pages\/3064","targetHints":{"allow":["GET"]}}],"collection":[{"href":"http:\/\/uvtech.vn\/zh\/wp-json\/wp\/v2\/pages"}],"about":[{"href":"http:\/\/uvtech.vn\/zh\/wp-json\/wp\/v2\/types\/page"}],"author":[{"embeddable":true,"href":"http:\/\/uvtech.vn\/zh\/wp-json\/wp\/v2\/users\/1"}],"replies":[{"embeddable":true,"href":"http:\/\/uvtech.vn\/zh\/wp-json\/wp\/v2\/comments?post=3064"}],"version-history":[{"count":33,"href":"http:\/\/uvtech.vn\/zh\/wp-json\/wp\/v2\/pages\/3064\/revisions"}],"predecessor-version":[{"id":22946,"href":"http:\/\/uvtech.vn\/zh\/wp-json\/wp\/v2\/pages\/3064\/revisions\/22946"}],"wp:attachment":[{"href":"http:\/\/uvtech.vn\/zh\/wp-json\/wp\/v2\/media?parent=3064"}],"curies":[{"name":"wp","href":"https:\/\/api.w.org\/{rel}","templated":true}]}}