{"id":22248,"date":"2022-04-12T13:17:04","date_gmt":"2022-04-12T06:17:04","guid":{"rendered":"https:\/\/uvtech.alphacreative.vn\/?page_id=22248"},"modified":"2025-10-13T15:30:03","modified_gmt":"2025-10-13T08:30:03","slug":"den-hong-ngoai-den-ir","status":"publish","type":"page","link":"https:\/\/uvtech.vn\/en\/products\/infrared-ir-lamp-2\/","title":{"rendered":"INFRARED LAMP (IR LAMP)"},"content":{"rendered":"<div data-elementor-type=\"wp-page\" data-elementor-id=\"22248\" class=\"elementor elementor-22248\">\n\t\t\t\t\t\t<section class=\"elementor-section elementor-top-section elementor-element elementor-element-295645e elementor-section-boxed elementor-section-height-default elementor-section-height-default sc_fly_static\" data-id=\"295645e\" data-element_type=\"section\">\n\t\t\t\t\t\t<div class=\"elementor-container elementor-column-gap-extended\">\n\t\t\t\t\t<div class=\"elementor-column elementor-col-100 elementor-top-column elementor-element elementor-element-09fd53c sc_inner_width_none sc_content_align_inherit sc_layouts_column_icons_position_left sc_fly_static\" data-id=\"09fd53c\" data-element_type=\"column\" data-settings=\"{&quot;background_background&quot;:&quot;slideshow&quot;,&quot;background_slideshow_gallery&quot;:[],&quot;background_slideshow_loop&quot;:&quot;yes&quot;,&quot;background_slideshow_slide_duration&quot;:5000,&quot;background_slideshow_slide_transition&quot;:&quot;fade&quot;,&quot;background_slideshow_transition_duration&quot;:500}\">\n\t\t\t<div class=\"elementor-widget-wrap elementor-element-populated\">\n\t\t\t\t\t\t<div class=\"elementor-element elementor-element-34365c9 sc_height_medium sc_fly_static elementor-widget elementor-widget-spacer\" data-id=\"34365c9\" data-element_type=\"widget\" data-widget_type=\"spacer.default\">\n\t\t\t\t<div class=\"elementor-widget-container\">\n\t\t\t\t\t\t\t<div class=\"elementor-spacer\">\n\t\t\t<div class=\"elementor-spacer-inner\"><\/div>\n\t\t<\/div>\n\t\t\t\t\t\t<\/div>\n\t\t\t\t<\/div>\n\t\t\t\t<div class=\"elementor-element elementor-element-f91d8bb sc_style_default sc_fly_static elementor-widget elementor-widget-trx_sc_blogger\" data-id=\"f91d8bb\" data-element_type=\"widget\" data-widget_type=\"trx_sc_blogger.default\">\n\t\t\t\t<div class=\"elementor-widget-container\">\n\t\t\t\t\t<div \t\tclass=\"sc_blogger sc_blogger_lay_portfolio sc_blogger_lay_portfolio_style_7 sc_item_filters_tabs_none alignnone\" ><div class=\"sc_blogger_columns_wrap sc_item_columns sc_item_posts_container trx_addons_columns_wrap columns_padding_bottom columns_in_single_row\" ><div class=\"trx_addons_column-1_2\"><div data-post-id=\"22389\" data-item-number=\"1\" class=\"sc_blogger_item sc_item_container post_container sc_blogger_item_lay_portfolio sc_blogger_item_lay_portfolio_style_7 sc_blogger_item_odd sc_blogger_item_align_none post_format_standard sc_blogger_item_with_image sc_blogger_item_no_excerpt sc_blogger_item_image_position_top post-22389 cpt_portfolio type-cpt_portfolio status-publish has-post-thumbnail hentry cpt_portfolio_group-den-hong-ngoai-den-ir\" ><div class=\"sc_blogger_item_body\"><div class=\"post_featured with_thumb hover_link sc_item_featured sc_blogger_item_featured post_featured_bg\" data-ratio=\"1:1\"><span class=\"post_thumb post_thumb_bg bg_in sanger_inline_1240855094\"><\/span>\t\t\t\t\t\t<div class=\"mask\"><\/div>\n\t\t\t\t\t\t<div class=\"post_info_bl\"><h5 class=\"sc_blogger_item_title entry-title\" data-item-number=\"1\"><a href=\"https:\/\/uvtech.vn\/en\/san-pham-uvtech\/infrared-ir-lamp\/\" rel=\"bookmark\">Infrared Lamp (IR Lamp)<\/a><\/h5><div class=\"post_meta sc_blogger_item_meta post_meta_categories\"><span class=\"post_meta_item post_categories cat_sep\"><a href=\"https:\/\/uvtech.vn\/en\/portfolio_group\/den-hong-ngoai-den-ir\/\" title=\"View all posts in \u0110\u00c8N H\u1ed2NG NGO\u1ea0I (\u0110\u00c8N IR)\">INFRARED LAMP (IR LAMP)<\/a><\/span><\/div><\/div><a class=\"post_link sc_blogger_item_link\" href=\"https:\/\/uvtech.vn\/en\/san-pham-uvtech\/infrared-ir-lamp\/\"><\/a>\t\t\t<a href=\"https:\/\/uvtech.vn\/en\/san-pham-uvtech\/infrared-ir-lamp\/\"  aria-hidden=\"true\" class=\"link\"><\/a>\n\t\t\t<\/div><\/div><!-- .sc_blogger_item_body --><\/div><!-- .sc_blogger_item --><\/div><\/div><\/div>\t\t\t\t<\/div>\n\t\t\t\t<\/div>\n\t\t\t\t<div class=\"elementor-element elementor-element-bc40007 sc_height_medium sc_fly_static elementor-widget elementor-widget-spacer\" data-id=\"bc40007\" data-element_type=\"widget\" data-widget_type=\"spacer.default\">\n\t\t\t\t<div class=\"elementor-widget-container\">\n\t\t\t\t\t\t\t<div class=\"elementor-spacer\">\n\t\t\t<div class=\"elementor-spacer-inner\"><\/div>\n\t\t<\/div>\n\t\t\t\t\t\t<\/div>\n\t\t\t\t<\/div>\n\t\t\t\t\t<\/div>\n\t\t<\/div>\n\t\t\t\t\t<\/div>\n\t\t<\/section>\n\t\t\t\t<\/div>","protected":false},"excerpt":{"rendered":"<p>\u0110\u00e8n s\u1ea5y UV (\u0110\u00e8n s\u1ea5y c\u1ef1c t\u00edm h\u1ed3 quang) \u0110\u00c8N CH\u1ee4P B\u1ea2N POLYMER, \u0110\u00c8N S\u00c2\u0301Y H\u1ed2NG NGO\u1ea0I (\u0110\u00c8N IR), \u0110\u00c8N S\u00c2\u0301Y UV (\u0110\u00c8N S\u1ea4Y TIA C\u1ef0C T\u00cdM), KEO CH\u1ee4P B\u1ea2N&hellip;<\/p>","protected":false},"author":1,"featured_media":22952,"parent":3064,"menu_order":3,"comment_status":"closed","ping_status":"closed","template":"","meta":{"inline_featured_image":false,"footnotes":""},"class_list":["post-22248","page","type-page","status-publish","has-post-thumbnail","hentry"],"_links":{"self":[{"href":"https:\/\/uvtech.vn\/en\/wp-json\/wp\/v2\/pages\/22248","targetHints":{"allow":["GET"]}}],"collection":[{"href":"https:\/\/uvtech.vn\/en\/wp-json\/wp\/v2\/pages"}],"about":[{"href":"https:\/\/uvtech.vn\/en\/wp-json\/wp\/v2\/types\/page"}],"author":[{"embeddable":true,"href":"https:\/\/uvtech.vn\/en\/wp-json\/wp\/v2\/users\/1"}],"replies":[{"embeddable":true,"href":"https:\/\/uvtech.vn\/en\/wp-json\/wp\/v2\/comments?post=22248"}],"version-history":[{"count":3,"href":"https:\/\/uvtech.vn\/en\/wp-json\/wp\/v2\/pages\/22248\/revisions"}],"predecessor-version":[{"id":22954,"href":"https:\/\/uvtech.vn\/en\/wp-json\/wp\/v2\/pages\/22248\/revisions\/22954"}],"up":[{"embeddable":true,"href":"https:\/\/uvtech.vn\/en\/wp-json\/wp\/v2\/pages\/3064"}],"wp:featuredmedia":[{"embeddable":true,"href":"https:\/\/uvtech.vn\/en\/wp-json\/wp\/v2\/media\/22952"}],"wp:attachment":[{"href":"https:\/\/uvtech.vn\/en\/wp-json\/wp\/v2\/media?parent=22248"}],"curies":[{"name":"wp","href":"https:\/\/api.w.org\/{rel}","templated":true}]}}