{"id":17376,"date":"2021-08-05T12:03:46","date_gmt":"2021-08-05T12:03:46","guid":{"rendered":"http:\/\/uvtech.wamstore.com\/?page_id=17376"},"modified":"2021-12-31T15:09:59","modified_gmt":"2021-12-31T08:09:59","slug":"dich-vu","status":"publish","type":"page","link":"https:\/\/uvtech.vn\/vi\/dich-vu\/","title":{"rendered":"D\u1ecbch v\u1ee5"},"content":{"rendered":"\t\t<div data-elementor-type=\"wp-page\" data-elementor-id=\"17376\" class=\"elementor elementor-17376\">\n\t\t\t\t\t\t<section class=\"elementor-section elementor-top-section elementor-element elementor-element-19a70c57 elementor-section-boxed elementor-section-height-default elementor-section-height-default sc_fly_static\" data-id=\"19a70c57\" data-element_type=\"section\">\n\t\t\t\t\t\t<div class=\"elementor-container elementor-column-gap-extended\">\n\t\t\t\t\t<div class=\"elementor-column elementor-col-50 elementor-top-column elementor-element elementor-element-6b2de884 sc_inner_width_none sc_content_align_inherit sc_layouts_column_icons_position_left sc_fly_static\" data-id=\"6b2de884\" data-element_type=\"column\">\n\t\t\t<div class=\"elementor-widget-wrap elementor-element-populated\">\n\t\t\t\t\t\t<div class=\"elementor-element elementor-element-26e84a81 sc_fly_static elementor-widget elementor-widget-trx_sc_title\" data-id=\"26e84a81\" data-element_type=\"widget\" data-widget_type=\"trx_sc_title.default\">\n\t\t\t\t<div class=\"elementor-widget-container\">\n\t\t\t\t\t<div\t\tclass=\"sc_title sc_title_default\" ><span class=\"sc_item_subtitle sc_title_subtitle sc_item_subtitle_above sc_item_title_style_default\"> D\u1ecaCH V\u1ee4<\/span><\/div>\t\t\t\t<\/div>\n\t\t\t\t<\/div>\n\t\t\t\t<div class=\"elementor-element elementor-element-c79a6a8 sc_fly_static elementor-widget elementor-widget-heading\" data-id=\"c79a6a8\" data-element_type=\"widget\" data-widget_type=\"heading.default\">\n\t\t\t\t<div class=\"elementor-widget-container\">\n\t\t\t\t\t<h1 class=\"elementor-heading-title elementor-size-default\">UVPrint cung c\u1ea5p gi\u1ea3i ph\u00e1p in \u1ea5n to\u00e0n di\u1ec7n<\/h1>\t\t\t\t<\/div>\n\t\t\t\t<\/div>\n\t\t\t\t\t<\/div>\n\t\t<\/div>\n\t\t\t\t<div class=\"elementor-column elementor-col-50 elementor-top-column elementor-element elementor-element-12d7b99a sc_inner_width_none sc_content_align_inherit sc_layouts_column_icons_position_left sc_fly_static\" data-id=\"12d7b99a\" data-element_type=\"column\">\n\t\t\t<div class=\"elementor-widget-wrap elementor-element-populated\">\n\t\t\t\t\t\t<div class=\"elementor-element elementor-element-7ed64ff0 sc_fly_static elementor-widget elementor-widget-text-editor\" data-id=\"7ed64ff0\" data-element_type=\"widget\" data-widget_type=\"text-editor.default\">\n\t\t\t\t<div class=\"elementor-widget-container\">\n\t\t\t\t\t\t\t\t\t<h6>UVPrint l\u00e0 C\u00f4ng ty in \u1ea5n v\u1edbi l\u1ee3i th\u1ebf l\u00e0m ch\u1ee7 c\u00e1c c\u00f4ng ngh\u1ec7 in to\u00e0n di\u1ec7n nh\u01b0 in UV offset, in k\u1ef9 thu\u1eadt s\u1ed1, in l\u1ee5a. Ch\u00fang t\u00f4i lu\u00f4n t\u01b0 v\u1ea5n nh\u1eefng gi\u1ea3i ph\u00e1p ph\u00f9 h\u1ee3p v\u1edbi m\u1ecdi nhu c\u1ea7u in \u1ea5n theo xu h\u01b0\u1edbng \u1ee9ng d\u1ee5ng. \u0110\u1ed9i ng\u0169 thi\u1ebft k\u1ebf, chuy\u00ean vi\u00ean c\u1ee7a ch\u00fang t\u00f4i lu\u00f4n \u0111\u1ed3ng h\u00e0nh c\u00f9ng Qu\u00fd kh\u00e1ch h\u00e0ng. T\u01b0 v\u1ea5n chi ti\u1ebft t\u1eeb giai \u0111o\u1ea1n ph\u00e1t tri\u1ec3n \u00fd t\u01b0\u1edfng thi\u1ebft k\u1ebf,ch\u1ebf b\u1ea3n, in \u1ea5n gia c\u00f4ng cho \u0111\u1ebfn ho\u00e0n thi\u1ec7n s\u1ea3n ph\u1ea9m.<\/h6>\n<h6>UVPrint lu\u00f4n ch\u1ecdn l\u1ef1a nh\u1eefng nguy\u00ean li\u1ec7u s\u1ea3n xu\u1ea5t \u0111\u1ea7u v\u00e0o ch\u00ednh h\u00e3ng, \u0111\u01b0\u1ee3c ki\u1ec3m tra nghi\u00eam ng\u1eb7t, t\u1ea1o ra s\u1ea3n ph\u1ea9m ch\u1ea5t l\u01b0\u1ee3ng \u01b0u vi\u1ec7t. \u0110\u1ebfn v\u1edbi UVPrint Qu\u00fd kh\u00e1ch h\u00e0ng c\u00f3 th\u1ec3 t\u00ecm th\u1ea5y nh\u1eefng thi\u1ebft k\u1ebf h\u1ed9p, bao b\u00ec s\u1ea3n ph\u1ea9m ch\u1ea5t l\u01b0\u1ee3ng ti\u00eau chu\u1ea9n v\u1edbi thi\u1ebft k\u1ebf \u0111a d\u1ea1ng, ch\u1ea5t li\u1ec7u phong ph\u00fa.<\/h6>\t\t\t\t\t\t\t\t<\/div>\n\t\t\t\t<\/div>\n\t\t\t\t\t<\/div>\n\t\t<\/div>\n\t\t\t\t\t<\/div>\n\t\t<\/section>\n\t\t\t\t<section class=\"elementor-section elementor-top-section elementor-element elementor-element-d23ca53 elementor-section-boxed elementor-section-height-default elementor-section-height-default sc_fly_static\" data-id=\"d23ca53\" data-element_type=\"section\">\n\t\t\t\t\t\t<div class=\"elementor-container elementor-column-gap-extended\">\n\t\t\t\t\t<div class=\"elementor-column elementor-col-100 elementor-top-column elementor-element elementor-element-f10edfa sc_inner_width_none sc_content_align_inherit sc_layouts_column_icons_position_left sc_fly_static\" data-id=\"f10edfa\" data-element_type=\"column\">\n\t\t\t<div class=\"elementor-widget-wrap elementor-element-populated\">\n\t\t\t\t\t\t\t<\/div>\n\t\t<\/div>\n\t\t\t\t\t<\/div>\n\t\t<\/section>\n\t\t\t\t<section class=\"elementor-section elementor-top-section elementor-element elementor-element-18f67230 elementor-section-boxed elementor-section-height-default elementor-section-height-default sc_fly_static\" data-id=\"18f67230\" data-element_type=\"section\">\n\t\t\t\t\t\t<div class=\"elementor-container elementor-column-gap-no\">\n\t\t\t\t\t<div class=\"elementor-column elementor-col-100 elementor-top-column elementor-element elementor-element-5e48ffc sc_inner_width_none sc_content_align_inherit sc_layouts_column_icons_position_left sc_fly_static\" data-id=\"5e48ffc\" data-element_type=\"column\">\n\t\t\t<div class=\"elementor-widget-wrap elementor-element-populated\">\n\t\t\t\t\t\t\t<\/div>\n\t\t<\/div>\n\t\t\t\t\t<\/div>\n\t\t<\/section>\n\t\t\t\t<section class=\"elementor-section elementor-top-section elementor-element elementor-element-3056176 elementor-section-full_width elementor-section-stretched elementor-section-height-default elementor-section-height-default sc_fly_static\" data-id=\"3056176\" data-element_type=\"section\" data-settings=\"{&quot;stretch_section&quot;:&quot;section-stretched&quot;}\">\n\t\t\t\t\t\t<div class=\"elementor-container elementor-column-gap-extended\">\n\t\t\t\t\t<div class=\"elementor-column elementor-col-100 elementor-top-column elementor-element elementor-element-5f3b7af sc_inner_width_none sc_content_align_inherit sc_layouts_column_icons_position_left sc_fly_static\" data-id=\"5f3b7af\" data-element_type=\"column\">\n\t\t\t<div class=\"elementor-widget-wrap elementor-element-populated\">\n\t\t\t\t\t\t<div class=\"elementor-element elementor-element-8bfa711 elementor-widget__width-initial elementor-absolute elementor-widget-tablet__width-initial sc_layouts_hide_on_mobile animation_type_block sc_fly_static elementor-invisible elementor-widget elementor-widget-image\" data-id=\"8bfa711\" data-element_type=\"widget\" data-settings=\"{&quot;_animation&quot;:&quot;sanger-infinite-rotate&quot;,&quot;_position&quot;:&quot;absolute&quot;}\" data-widget_type=\"image.default\">\n\t\t\t\t<div class=\"elementor-widget-container\">\n\t\t\t\t\t\t\t\t\t\t\t\t\t\t\t<img fetchpriority=\"high\" decoding=\"async\" width=\"3196\" height=\"3194\" src=\"https:\/\/uvtech.vn\/wp-content\/uploads\/2021\/12\/Typo-1.png\" class=\"attachment-full size-full wp-image-21511\" alt=\"\" srcset=\"https:\/\/uvtech.vn\/wp-content\/uploads\/2021\/12\/Typo-1.png 3196w, https:\/\/uvtech.vn\/wp-content\/uploads\/2021\/12\/Typo-1-300x300.png 300w, https:\/\/uvtech.vn\/wp-content\/uploads\/2021\/12\/Typo-1-1024x1024.png 1024w, https:\/\/uvtech.vn\/wp-content\/uploads\/2021\/12\/Typo-1-150x150.png 150w, https:\/\/uvtech.vn\/wp-content\/uploads\/2021\/12\/Typo-1-768x768.png 768w, https:\/\/uvtech.vn\/wp-content\/uploads\/2021\/12\/Typo-1-1536x1536.png 1536w, https:\/\/uvtech.vn\/wp-content\/uploads\/2021\/12\/Typo-1-2048x2048.png 2048w, https:\/\/uvtech.vn\/wp-content\/uploads\/2021\/12\/Typo-1-370x370.png 370w, https:\/\/uvtech.vn\/wp-content\/uploads\/2021\/12\/Typo-1-120x120.png 120w, https:\/\/uvtech.vn\/wp-content\/uploads\/2021\/12\/Typo-1-840x839.png 840w, https:\/\/uvtech.vn\/wp-content\/uploads\/2021\/12\/Typo-1-410x410.png 410w\" sizes=\"(max-width: 3196px) 100vw, 3196px\" \/>\t\t\t\t\t\t\t\t\t\t\t\t\t\t\t<\/div>\n\t\t\t\t<\/div>\n\t\t\t\t\t<\/div>\n\t\t<\/div>\n\t\t\t\t\t<\/div>\n\t\t<\/section>\n\t\t\t\t<\/div>\n\t\t","protected":false},"excerpt":{"rendered":"<p>D\u1ecaCH V\u1ee4 UVPrint cung c\u1ea5p gi\u1ea3i ph\u00e1p in \u1ea5n to\u00e0n di\u1ec7n UVPrint l\u00e0 C\u00f4ng ty in \u1ea5n v\u1edbi l\u1ee3i th\u1ebf l\u00e0m ch\u1ee7 c\u00e1c c\u00f4ng ngh\u1ec7 in to\u00e0n di\u1ec7n nh\u01b0 in&hellip;<\/p>\n","protected":false},"author":1,"featured_media":0,"parent":0,"menu_order":0,"comment_status":"closed","ping_status":"closed","template":"","meta":{"inline_featured_image":false,"footnotes":""},"class_list":["post-17376","page","type-page","status-publish","hentry"],"_links":{"self":[{"href":"https:\/\/uvtech.vn\/vi\/wp-json\/wp\/v2\/pages\/17376","targetHints":{"allow":["GET"]}}],"collection":[{"href":"https:\/\/uvtech.vn\/vi\/wp-json\/wp\/v2\/pages"}],"about":[{"href":"https:\/\/uvtech.vn\/vi\/wp-json\/wp\/v2\/types\/page"}],"author":[{"embeddable":true,"href":"https:\/\/uvtech.vn\/vi\/wp-json\/wp\/v2\/users\/1"}],"replies":[{"embeddable":true,"href":"https:\/\/uvtech.vn\/vi\/wp-json\/wp\/v2\/comments?post=17376"}],"version-history":[{"count":0,"href":"https:\/\/uvtech.vn\/vi\/wp-json\/wp\/v2\/pages\/17376\/revisions"}],"wp:attachment":[{"href":"https:\/\/uvtech.vn\/vi\/wp-json\/wp\/v2\/media?parent=17376"}],"curies":[{"name":"wp","href":"https:\/\/api.w.org\/{rel}","templated":true}]}}