{"id":22429,"date":"2022-04-14T09:53:33","date_gmt":"2022-04-14T02:53:33","guid":{"rendered":"https:\/\/uvtech.alphacreative.vn\/?page_id=22429"},"modified":"2022-04-14T09:54:39","modified_gmt":"2022-04-14T02:54:39","slug":"tin-tuc","status":"publish","type":"page","link":"https:\/\/uvtech.vn\/zh\/tin-tuc\/","title":{"rendered":"Tin t\u1ee9c"},"content":{"rendered":"<div data-elementor-type=\"wp-page\" data-elementor-id=\"22429\" class=\"elementor elementor-22429\">\n\t\t\t\t\t\t<section class=\"elementor-section elementor-top-section elementor-element elementor-element-67c7fa5 elementor-section-boxed elementor-section-height-default elementor-section-height-default sc_fly_static\" data-id=\"67c7fa5\" data-element_type=\"section\">\n\t\t\t\t\t\t<div class=\"elementor-container elementor-column-gap-extended\">\n\t\t\t\t\t<div class=\"elementor-column elementor-col-100 elementor-top-column elementor-element elementor-element-29effee sc_inner_width_none sc_content_align_inherit sc_layouts_column_icons_position_left sc_fly_static\" data-id=\"29effee\" data-element_type=\"column\">\n\t\t\t<div class=\"elementor-widget-wrap elementor-element-populated\">\n\t\t\t\t\t\t<div class=\"elementor-element elementor-element-b44d825 home-news sc_style_default sc_fly_static elementor-widget elementor-widget-trx_sc_blogger\" data-id=\"b44d825\" data-element_type=\"widget\" data-widget_type=\"trx_sc_blogger.default\">\n\t\t\t\t<div class=\"elementor-widget-container\">\n\t\t\t\t\t<div \t\tclass=\"sc_blogger sc_blogger_list sc_blogger_list_hover_2 sc_item_filters_tabs_none alignnone\" ><div class=\"sc_blogger_columns_wrap sc_item_columns sc_item_posts_container trx_addons_columns_wrap columns_padding_bottom columns_in_single_row\" ><div class=\"trx_addons_column-1_3\"><div data-post-id=\"22546\" data-item-number=\"1\" class=\"sc_blogger_item sc_item_container post_container sc_blogger_item_list sc_blogger_item_list_hover_2 sc_blogger_item_odd sc_blogger_item_align_none post_format_standard sc_blogger_item_image_position_top post-22546 post type-post status-publish format-standard has-post-thumbnail hentry category-danh-muc-tin-tuc\" ><div class=\"sc_blogger_item_body\"><div class=\"sc_blogger_item_content entry-content\"><div class=\"post_meta sc_blogger_item_meta post_meta\"><span class=\"post_meta_item post_categories cat_sep\"><a href=\"https:\/\/uvtech.vn\/zh\/category\/danh-muc-tin-tuc\/\" rel=\"category tag\">Tin t\u1ee9c<\/a><\/span><span class=\"post_meta_item post_date\"><a href=\"https:\/\/uvtech.vn\/zh\/uu-diem-va-khuyet-diem-tang-pho-co-va-tang-pho-dien-tu\/\">20\/04\/2022<\/a><\/span><\/div><h6 class=\"sc_blogger_item_title entry-title\" data-item-number=\"1\"><a href=\"https:\/\/uvtech.vn\/zh\/uu-diem-va-khuyet-diem-tang-pho-co-va-tang-pho-dien-tu\/\" rel=\"bookmark\">\u01afu \u0111i\u1ec3m v\u00e0 khuy\u1ebft \u0111i\u1ec3m t\u0103ng ph\u00f4 c\u01a1 v\u00e0 t\u0103ng ph\u00f4 \u0111i\u1ec7n t\u1eed<\/a><\/h6><div class=\"sc_blogger_item_button sc_item_button\"><a href=\"https:\/\/uvtech.vn\/zh\/uu-diem-va-khuyet-diem-tang-pho-co-va-tang-pho-dien-tu\/\" class=\"item_more_link\"><span class=\"link_text\">Read more<\/span><span class=\"link_icon\"><\/span><\/a><\/div><\/div><!-- .entry-content -->\t\t<a href=\"https:\/\/uvtech.vn\/zh\/uu-diem-va-khuyet-diem-tang-pho-co-va-tang-pho-dien-tu\/\" aria-hidden=\"true\" class=\"link\"><\/a>\n\t<\/div><!-- .sc_blogger_item_body --><\/div><!-- .sc_blogger_item --><\/div><div class=\"trx_addons_column-1_3\"><div data-post-id=\"403\" data-item-number=\"2\" class=\"sc_blogger_item sc_item_container post_container sc_blogger_item_list sc_blogger_item_list_hover_2 sc_blogger_item_even sc_blogger_item_align_none post_format_standard sc_blogger_item_image_position_top post-403 post type-post status-publish format-standard has-post-thumbnail hentry category-danh-muc-tin-tuc\" ><div class=\"sc_blogger_item_body\"><div class=\"sc_blogger_item_content entry-content\"><div class=\"post_meta sc_blogger_item_meta post_meta\"><span class=\"post_meta_item post_categories cat_sep\"><a href=\"https:\/\/uvtech.vn\/zh\/category\/danh-muc-tin-tuc\/\" rel=\"category tag\">Tin t\u1ee9c<\/a><\/span><span class=\"post_meta_item post_date\"><a href=\"https:\/\/uvtech.vn\/zh\/cac-su-co-ve-den-say-uv-va-cach-khac-phuc\/\">22\/04\/2020<\/a><\/span><\/div><h6 class=\"sc_blogger_item_title entry-title\" data-item-number=\"2\"><a href=\"https:\/\/uvtech.vn\/zh\/cac-su-co-ve-den-say-uv-va-cach-khac-phuc\/\" rel=\"bookmark\">C\u00e1c s\u1ef1 c\u1ed1 v\u1ec1 \u0111\u00e8n s\u1ea5y UV v\u00e0 c\u00e1ch kh\u1eafc ph\u1ee5c<\/a><\/h6><div class=\"sc_blogger_item_button sc_item_button\"><a href=\"https:\/\/uvtech.vn\/zh\/cac-su-co-ve-den-say-uv-va-cach-khac-phuc\/\" class=\"item_more_link\"><span class=\"link_text\">Read more<\/span><span class=\"link_icon\"><\/span><\/a><\/div><\/div><!-- .entry-content -->\t\t<a href=\"https:\/\/uvtech.vn\/zh\/cac-su-co-ve-den-say-uv-va-cach-khac-phuc\/\" aria-hidden=\"true\" class=\"link\"><\/a>\n\t<\/div><!-- .sc_blogger_item_body --><\/div><!-- .sc_blogger_item --><\/div><div class=\"trx_addons_column-1_3\"><div data-post-id=\"398\" data-item-number=\"3\" class=\"sc_blogger_item sc_item_container post_container sc_blogger_item_list sc_blogger_item_list_hover_2 sc_blogger_item_odd sc_blogger_item_align_none post_format_standard sc_blogger_item_image_position_top post-398 post type-post status-publish format-standard has-post-thumbnail hentry category-danh-muc-tin-tuc\" ><div class=\"sc_blogger_item_body\"><div class=\"sc_blogger_item_content entry-content\"><div class=\"post_meta sc_blogger_item_meta post_meta\"><span class=\"post_meta_item post_categories cat_sep\"><a href=\"https:\/\/uvtech.vn\/zh\/category\/danh-muc-tin-tuc\/\" rel=\"category tag\">Tin t\u1ee9c<\/a><\/span><span class=\"post_meta_item post_date\"><a href=\"https:\/\/uvtech.vn\/zh\/tim-hieu-ve-den-cuc-tim-den-uv-va-ung-dung\/\">20\/04\/2020<\/a><\/span><\/div><h6 class=\"sc_blogger_item_title entry-title\" data-item-number=\"3\"><a href=\"https:\/\/uvtech.vn\/zh\/tim-hieu-ve-den-cuc-tim-den-uv-va-ung-dung\/\" rel=\"bookmark\">T\u00ecm hi\u1ec3u v\u1ec1 \u0111\u00e8n c\u1ef1c t\u00edm (\u0110\u00e8n UV) v\u00e0 \u1ee9ng d\u1ee5ng<\/a><\/h6><div class=\"sc_blogger_item_button sc_item_button\"><a href=\"https:\/\/uvtech.vn\/zh\/tim-hieu-ve-den-cuc-tim-den-uv-va-ung-dung\/\" class=\"item_more_link\"><span class=\"link_text\">Read more<\/span><span class=\"link_icon\"><\/span><\/a><\/div><\/div><!-- .entry-content -->\t\t<a href=\"https:\/\/uvtech.vn\/zh\/tim-hieu-ve-den-cuc-tim-den-uv-va-ung-dung\/\" aria-hidden=\"true\" class=\"link\"><\/a>\n\t<\/div><!-- .sc_blogger_item_body --><\/div><!-- .sc_blogger_item --><\/div><\/div><\/div>\t\t\t\t<\/div>\n\t\t\t\t<\/div>\n\t\t\t\t\t<\/div>\n\t\t<\/div>\n\t\t\t\t\t<\/div>\n\t\t<\/section>\n\t\t\t\t<\/div>","protected":false},"excerpt":{"rendered":"<p>Tin t\u1ee9c04\/08\/2021 \u01afu \u0111i\u1ec3m c\u1ee7a t\u0103ng ph\u00f4 \u0111i\u1ec7n t\u1eed cho \u0111\u00e8n UV Read more Tin t\u1ee9c22\/04\/2020 C\u00e1c s\u1ef1 c\u1ed1 v\u1ec1 \u0111\u00e8n s\u1ea5y UV v\u00e0 c\u00e1ch kh\u1eafc ph\u1ee5c Read more Tin&hellip;<\/p>","protected":false},"author":1,"featured_media":0,"parent":0,"menu_order":0,"comment_status":"closed","ping_status":"closed","template":"","meta":{"inline_featured_image":false,"footnotes":""},"class_list":["post-22429","page","type-page","status-publish","hentry"],"_links":{"self":[{"href":"https:\/\/uvtech.vn\/zh\/wp-json\/wp\/v2\/pages\/22429","targetHints":{"allow":["GET"]}}],"collection":[{"href":"https:\/\/uvtech.vn\/zh\/wp-json\/wp\/v2\/pages"}],"about":[{"href":"https:\/\/uvtech.vn\/zh\/wp-json\/wp\/v2\/types\/page"}],"author":[{"embeddable":true,"href":"https:\/\/uvtech.vn\/zh\/wp-json\/wp\/v2\/users\/1"}],"replies":[{"embeddable":true,"href":"https:\/\/uvtech.vn\/zh\/wp-json\/wp\/v2\/comments?post=22429"}],"version-history":[{"count":0,"href":"https:\/\/uvtech.vn\/zh\/wp-json\/wp\/v2\/pages\/22429\/revisions"}],"wp:attachment":[{"href":"https:\/\/uvtech.vn\/zh\/wp-json\/wp\/v2\/media?parent=22429"}],"curies":[{"name":"wp","href":"https:\/\/api.w.org\/{rel}","templated":true}]}}